{"id":145,"date":"2019-08-05T10:17:01","date_gmt":"2019-08-05T08:17:01","guid":{"rendered":"https:\/\/salgc.ch\/?page_id=145"},"modified":"2020-08-30T11:44:21","modified_gmt":"2020-08-30T09:44:21","slug":"proces-verbal","status":"publish","type":"page","link":"https:\/\/salgc.ch\/fr\/proces-verbal\/","title":{"rendered":"Proc\u00e8s-verbaux"},"content":{"rendered":"<div class=\"fusion-fullwidth fullwidth-box fusion-builder-row-1 fusion-flex-container nonhundred-percent-fullwidth non-hundred-percent-height-scrolling\" style=\"--awb-border-radius-top-left:0px;--awb-border-radius-top-right:0px;--awb-border-radius-bottom-right:0px;--awb-border-radius-bottom-left:0px;--awb-flex-wrap:wrap;\" ><div class=\"fusion-builder-row fusion-row fusion-flex-align-items-flex-start fusion-flex-content-wrap\" style=\"max-width:calc( 1100px + 0px );margin-left: calc(-0px \/ 2 );margin-right: calc(-0px \/ 2 );\"><div class=\"fusion-layout-column fusion_builder_column fusion-builder-column-0 fusion_builder_column_1_1 1_1 fusion-flex-column\" style=\"--awb-bg-size:cover;--awb-width-large:100%;--awb-margin-top-large:0px;--awb-spacing-right-large:0px;--awb-margin-bottom-large:20px;--awb-spacing-left-large:0px;--awb-width-medium:100%;--awb-spacing-right-medium:0px;--awb-spacing-left-medium:0px;--awb-width-small:100%;--awb-spacing-right-small:0px;--awb-spacing-left-small:0px;\"><div class=\"fusion-column-wrapper fusion-column-has-shadow fusion-flex-justify-content-flex-start fusion-content-layout-column\"><div class=\"fusion-content-boxes content-boxes columns row fusion-columns-1 fusion-columns-total-1 fusion-content-boxes-1 content-boxes-icon-with-title content-left\" style=\"--awb-hover-accent-color:#a0ce4e;--awb-circle-hover-accent-color:#a0ce4e;--awb-item-margin-bottom:40px;\" data-animationOffset=\"top-into-view\"><div style=\"--awb-backgroundcolor:rgba(255,255,255,0);\" class=\"fusion-column content-box-column content-box-column content-box-column-1 col-lg-12 col-md-12 col-sm-12 fusion-content-box-hover content-box-column-last content-box-column-last-in-row\"><div class=\"col content-box-wrapper content-wrapper link-area-link-icon icon-hover-animation-fade\" data-animationOffset=\"top-into-view\"><div class=\"heading icon-left\"><h2 class=\"content-box-heading\" style=\"--h2_typography-font-size:24px;line-height:29px;\">Proc\u00e8s-verbaux<\/h2><\/div><div class=\"fusion-clearfix\"><\/div><div class=\"content-container\">\n<p><span style=\"font-family: helvetica, arial, sans-serif;\"><a href=\"https:\/\/salgc.ch\/wp-content\/uploads\/Protokoll_MV2020_Kuessnacht_FRE.pdf\" target=\"_blank\" rel=\"noopener noreferrer\">Proc\u00e8s-verbal<\/a> de la 25\u00e8me assembl\u00e9e g\u00e9n\u00e9rale le 23 juillet 2020 (pdf)<\/span><\/p>\n<p><span style=\"font-family: helvetica,arial,sans-serif;\"><a href=\"https:\/\/salgc.ch\/wp-content\/uploads\/Protokoll_GV_2019_Ascona_FRE_fin.pdf\" target=\"_blank\" rel=\"noopener noreferrer\"><span lang=\"FR\">Proc\u00e8s-verbal\u00a0<\/span><\/a><span lang=\"FR\">de la 24\u00e8me assembl\u00e9e g\u00e9n\u00e9rale le 20 mai 2019 <\/span> (pdf)<\/span><\/p>\n<p><span style=\"font-family: helvetica,arial,sans-serif;\"><a href=\"http:\/\/www.salgc.ch\/media\/GV_Schweiz_Treffen\/Protokoll_GV_Interlaken_2018_FRE.pdf\" target=\"_blank\" rel=\"noopener noreferrer\"><span lang=\"FR\">Proc\u00e8s-verbal\u00a0<\/span><\/a><span lang=\"FR\">de la 23\u00e8me assembl\u00e9e g\u00e9n\u00e9rale le 22 mai 2018 <\/span> (pdf)<\/span><\/p>\n<\/div><\/div><\/div><div class=\"fusion-clearfix\"><\/div><\/div><\/div><\/div><\/div><\/div>\n","protected":false},"excerpt":{"rendered":"","protected":false},"author":5,"featured_media":0,"parent":0,"menu_order":0,"comment_status":"closed","ping_status":"closed","template":"","meta":{"footnotes":""},"class_list":["post-145","page","type-page","status-publish","hentry"],"_links":{"self":[{"href":"https:\/\/salgc.ch\/fr\/wp-json\/wp\/v2\/pages\/145","targetHints":{"allow":["GET"]}}],"collection":[{"href":"https:\/\/salgc.ch\/fr\/wp-json\/wp\/v2\/pages"}],"about":[{"href":"https:\/\/salgc.ch\/fr\/wp-json\/wp\/v2\/types\/page"}],"author":[{"embeddable":true,"href":"https:\/\/salgc.ch\/fr\/wp-json\/wp\/v2\/users\/5"}],"replies":[{"embeddable":true,"href":"https:\/\/salgc.ch\/fr\/wp-json\/wp\/v2\/comments?post=145"}],"version-history":[{"count":0,"href":"https:\/\/salgc.ch\/fr\/wp-json\/wp\/v2\/pages\/145\/revisions"}],"wp:attachment":[{"href":"https:\/\/salgc.ch\/fr\/wp-json\/wp\/v2\/media?parent=145"}],"curies":[{"name":"wp","href":"https:\/\/api.w.org\/{rel}","templated":true}]}}