{"id":3304,"date":"2026-02-09T16:23:52","date_gmt":"2026-02-09T15:23:52","guid":{"rendered":"https:\/\/salgc.ch\/?page_id=3304"},"modified":"2026-03-06T10:41:25","modified_gmt":"2026-03-06T09:41:25","slug":"31e-rencontre-nationale-de-la-salgc","status":"publish","type":"page","link":"https:\/\/salgc.ch\/fr\/31e-rencontre-nationale-de-la-salgc\/","title":{"rendered":"31e rencontre nationale de la SALGC"},"content":{"rendered":"<div class=\"fusion-fullwidth fullwidth-box fusion-builder-row-1 fusion-flex-container has-pattern-background has-mask-background nonhundred-percent-fullwidth non-hundred-percent-height-scrolling\" style=\"--awb-border-radius-top-left:0px;--awb-border-radius-top-right:0px;--awb-border-radius-bottom-right:0px;--awb-border-radius-bottom-left:0px;--awb-padding-top:50px;--awb-flex-wrap:wrap;\" ><div class=\"fusion-builder-row fusion-row fusion-flex-align-items-flex-start fusion-flex-content-wrap\" style=\"max-width:1144px;margin-left: calc(-4% \/ 2 );margin-right: calc(-4% \/ 2 );\"><div class=\"fusion-layout-column fusion_builder_column fusion-builder-column-0 fusion_builder_column_1_1 1_1 fusion-flex-column\" style=\"--awb-bg-size:cover;--awb-width-large:100%;--awb-margin-top-large:0px;--awb-spacing-right-large:1.92%;--awb-margin-bottom-large:20px;--awb-spacing-left-large:1.92%;--awb-width-medium:100%;--awb-order-medium:0;--awb-spacing-right-medium:1.92%;--awb-spacing-left-medium:1.92%;--awb-width-small:100%;--awb-order-small:0;--awb-spacing-right-small:1.92%;--awb-spacing-left-small:1.92%;\"><div class=\"fusion-column-wrapper fusion-column-has-shadow fusion-flex-justify-content-flex-start fusion-content-layout-column\"><div class=\"fusion-text fusion-text-1 fusion-text-no-margin\" style=\"--awb-margin-bottom:50px;\"><h2 style=\"text-align: center;\"><strong>Formulaire d&#8217;inscription Assembl\u00e9e annuelle de la SALGC 2026<\/strong><\/h2>\n<p style=\"text-align: center;\"><strong>Lundi 20 et mardi 21 avril 2026, Golf Club Payerne<\/strong><\/p>\n<\/div><div class=\"fusion-form fusion-form-builder fusion-form-form-wrapper fusion-form-3303\" style=\"--awb-tooltip-text-color:#ffffff;--awb-tooltip-background-color:var(--awb-custom_color_10);--awb-form-input-height:40px;--awb-form-bg-color:var(--awb-color1);--awb-form-placeholder-color:var(--awb-color6);--awb-form-text-color:var(--awb-custom_color_10);--awb-form-label-color:var(--awb-color6);--awb-form-border-color:var(--awb-color7);--awb-form-focus-border-color:var(--awb-color7);--awb-form-focus-border-hover-color:hsla(var(--awb-color7-h),var(--awb-color7-s),var(--awb-color7-l),calc(var(--awb-color7-a) - 50%));\" data-form-id=\"3303\" data-config=\"{&quot;form_id&quot;:3303,&quot;form_post_id&quot;:3303,&quot;post_id&quot;:3304,&quot;form_type&quot;:&quot;ajax&quot;,&quot;confirmation_type&quot;:&quot;message&quot;,&quot;redirect_url&quot;:&quot;&quot;,&quot;redirect_timeout&quot;:&quot;0&quot;,&quot;field_labels&quot;:{&quot;name&quot;:&quot;Nom et pr\\u00e9nom&quot;,&quot;email&quot;:&quot;E-mail&quot;,&quot;mobile_nr&quot;:&quot;Num\\u00e9ro de portable &quot;,&quot;funktion&quot;:&quot;Function&quot;,&quot;heimclub&quot;:&quot;Club d&#039;origine&quot;,&quot;menu&quot;:&quot;Menu&quot;,&quot;unvertraglichkeiten&quot;:&quot;Intol\\u00e9rance&quot;,&quot;carttrolley&quot;:&quot;Besoin d\\u2019une voiturette ou d\\u2019un chariot?&quot;},&quot;field_logics&quot;:{&quot;name&quot;:&quot;&quot;,&quot;email&quot;:&quot;&quot;,&quot;mobile_nr&quot;:&quot;&quot;,&quot;funktion&quot;:&quot;&quot;,&quot;heimclub&quot;:&quot;&quot;,&quot;menu&quot;:&quot;&quot;,&quot;unvertraglichkeiten&quot;:&quot;&quot;,&quot;carttrolley&quot;:&quot;&quot;,&quot;submit_1&quot;:&quot;&quot;,&quot;notice_1&quot;:&quot;&quot;},&quot;field_types&quot;:{&quot;name&quot;:&quot;text&quot;,&quot;email&quot;:&quot;email&quot;,&quot;mobile_nr&quot;:&quot;phone_number&quot;,&quot;funktion&quot;:&quot;select&quot;,&quot;heimclub&quot;:&quot;text&quot;,&quot;menu&quot;:&quot;checkbox&quot;,&quot;unvertraglichkeiten&quot;:&quot;text&quot;,&quot;carttrolley&quot;:&quot;checkbox&quot;,&quot;submit_1&quot;:&quot;submit&quot;,&quot;recaptcha_1&quot;:&quot;recaptcha&quot;,&quot;notice_1&quot;:&quot;notice&quot;},&quot;nonce_method&quot;:&quot;ajax&quot;,&quot;form_views&quot;:&quot;&quot;,&quot;form_views_counting&quot;:&quot;&quot;}\"><form action=\"https:\/\/salgc.ch\/fr\/31e-rencontre-nationale-de-la-salgc\/\" method=\"post\" class=\"fusion-form fusion-form-3303\"><div class=\"fusion-fullwidth fullwidth-box fusion-builder-row-1-1 fusion-flex-container has-pattern-background has-mask-background nonhundred-percent-fullwidth non-hundred-percent-height-scrolling\" style=\"--awb-border-radius-top-left:0px;--awb-border-radius-top-right:0px;--awb-border-radius-bottom-right:0px;--awb-border-radius-bottom-left:0px;--awb-flex-wrap:wrap;\" ><div class=\"fusion-builder-row fusion-row fusion-flex-align-items-flex-start fusion-flex-content-wrap\" style=\"width:104% !important;max-width:104% !important;margin-left: calc(-4% \/ 2 );margin-right: calc(-4% \/ 2 );\"><div class=\"fusion-layout-column fusion_builder_column fusion-builder-column-1 fusion_builder_column_2_5 2_5 fusion-flex-column\" style=\"--awb-bg-size:cover;--awb-width-large:40%;--awb-flex-grow:0;--awb-flex-shrink:0;--awb-margin-top-large:0px;--awb-spacing-right-large:4.8%;--awb-margin-bottom-large:20px;--awb-spacing-left-large:4.8%;--awb-width-medium:100%;--awb-order-medium:0;--awb-flex-grow-medium:0;--awb-flex-shrink-medium:0;--awb-spacing-right-medium:1.92%;--awb-spacing-left-medium:1.92%;--awb-width-small:100%;--awb-order-small:0;--awb-flex-grow-small:0;--awb-flex-shrink-small:0;--awb-spacing-right-small:1.92%;--awb-spacing-left-small:1.92%;\"><div class=\"fusion-column-wrapper fusion-column-has-shadow fusion-flex-justify-content-flex-start fusion-content-layout-column\"><div class=\"fusion-form-field fusion-form-text-field fusion-form-label-above\" style=\"\" data-form-id=\"3303\"><div class=\"fusion-form-label-wrapper\"><label for=\"name\">Nom et pr\u00e9nom <abbr class=\"fusion-form-element-required\" title=\"required\">*<\/abbr><\/label><\/div><input type=\"text\" autocomplete=\"off\" name=\"name\" id=\"name\" value=\"\"  class=\"fusion-form-input\" required=\"true\" aria-required=\"true\" data-holds-private-data=\"false\" minlength=\"0\"\/><\/div><div class=\"fusion-form-field fusion-form-email-field fusion-form-label-above\" style=\"\" data-form-id=\"3303\"><div class=\"fusion-form-label-wrapper\"><label for=\"email\">E-mail <abbr class=\"fusion-form-element-required\" title=\"required\">*<\/abbr><\/label><\/div><input type=\"email\" autocomplete=\"off\" name=\"email\" id=\"email\" value=\"\"  class=\"fusion-form-input\" required=\"true\" aria-required=\"true\" data-holds-private-data=\"false\"\/><\/div><div class=\"fusion-form-field fusion-form-phone-number-field fusion-form-label-above\" style=\"\" data-form-id=\"3303\"><div class=\"fusion-form-label-wrapper\"><label for=\"mobile_nr\">Num\u00e9ro de portable  <abbr class=\"fusion-form-element-required\" title=\"required\">*<\/abbr><\/label><\/div><div class=\"fusion-form-input-with-icon\"><i class=\"awb-form-icon fa-phone-square-alt fas\"><\/i><input type=\"tel\" autocomplete=\"off\" name=\"mobile_nr\" id=\"mobile_nr\" value=\"\"  class=\"fusion-form-input\" required=\"true\" aria-required=\"true\" data-holds-private-data=\"false\"\/><\/div><\/div><div class=\"fusion-form-field fusion-form-select-field fusion-form-label-above\" style=\"\" data-form-id=\"3303\"><label for=\"funktion\">Function<\/label><div class=\"fusion-select-wrapper\"><select autocomplete=\"off\" tabindex=\"\" id=\"funktion\" name=\"funktion\" class=\"fusion-form-input\" data-holds-private-data=\"false\"><option value=\"Capitaine\" >Capitaine<\/option><option value=\"Vice-capitaine\" >Vice-capitaine<\/option><option value=\"Ancienne capitaine\" >Ancienne capitaine<\/option><option value=\"Ancienne vice-capitaine\" >Ancienne vice-capitaine<\/option><\/select><div class=\"select-arrow\"><svg width=\"12\" height=\"8\" viewBox=\"0 0 12 8\" fill=\"none\" xmlns=\"http:\/\/www.w3.org\/2000\/svg\"> <path d=\"M1.5 1.75L6 6.25L10.5 1.75\" stroke=\"#6D6D6D\" stroke-width=\"2\" stroke-linecap=\"round\" stroke-linejoin=\"round\"\/> <\/svg><\/div><\/div><\/div><div class=\"fusion-form-field fusion-form-text-field fusion-form-label-above\" style=\"\" data-form-id=\"3303\"><div class=\"fusion-form-label-wrapper\"><label for=\"heimclub\">Club d&#039;origine <abbr class=\"fusion-form-element-required\" title=\"required\">*<\/abbr><\/label><\/div><input type=\"text\" autocomplete=\"off\" name=\"heimclub\" id=\"heimclub\" value=\"\"  class=\"fusion-form-input\" required=\"true\" aria-required=\"true\" data-holds-private-data=\"false\" minlength=\"0\"\/><\/div><\/div><\/div><div class=\"fusion-layout-column fusion_builder_column fusion-builder-column-2 fusion_builder_column_3_5 3_5 fusion-flex-column\" style=\"--awb-bg-color:rgba(255,255,255,0);--awb-bg-color-hover:rgba(255,255,255,0);--awb-bg-size:cover;--awb-width-large:60%;--awb-flex-grow:0;--awb-flex-shrink:0;--awb-margin-top-large:0px;--awb-spacing-right-large:3.2%;--awb-margin-bottom-large:20px;--awb-spacing-left-large:3.2%;--awb-width-medium:100%;--awb-order-medium:0;--awb-flex-grow-medium:0;--awb-flex-shrink-medium:0;--awb-spacing-right-medium:1.92%;--awb-spacing-left-medium:1.92%;--awb-width-small:100%;--awb-order-small:0;--awb-flex-grow-small:0;--awb-flex-shrink-small:0;--awb-spacing-right-small:1.92%;--awb-spacing-left-small:1.92%;\" data-scroll-devices=\"small-visibility,medium-visibility,large-visibility\"><div class=\"fusion-column-wrapper fusion-column-has-shadow fusion-flex-justify-content-flex-start fusion-content-layout-column\"><div class=\"fusion-form-field fusion-form-checkbox-field fusion-form-label-above\" style=\"\" data-form-id=\"3303\"><fieldset><legend class=\"fusion-form-label-wrapper\"><span class=\"label\">Menu<\/span><\/legend><div class=\"fusion-form-checkbox\"><input tabindex=\"\" id=\"checkbox-menu-1-0\" type=\"checkbox\" value=\"Menu normal\" name=\"menu[]\" class=\"fusion-form-input\" checked  data-holds-private-data=\"false\"\/><label for=\"checkbox-menu-1-0\">Menu normal<\/label><\/div><div class=\"fusion-form-checkbox\"><input tabindex=\"\" id=\"checkbox-menu-1-1\" type=\"checkbox\" value=\"Menu v\u00e9g\u00e9tarien\" name=\"menu[]\" class=\"fusion-form-input\" data-holds-private-data=\"false\"\/><label for=\"checkbox-menu-1-1\">Menu v\u00e9g\u00e9tarien<\/label><\/div><\/fieldset><\/div><div class=\"fusion-form-field fusion-form-text-field fusion-form-label-above\" style=\"\" data-form-id=\"3303\"><div class=\"fusion-form-label-wrapper\"><label for=\"unvertraglichkeiten\">Intol\u00e9rance<\/label><\/div><input type=\"text\" autocomplete=\"off\" name=\"unvertraglichkeiten\" id=\"unvertraglichkeiten\" value=\"\"  class=\"fusion-form-input\" data-holds-private-data=\"false\" minlength=\"0\"\/><\/div><div class=\"fusion-form-field fusion-form-checkbox-field fusion-form-label-above\" style=\"\" data-form-id=\"3303\"><fieldset><legend class=\"fusion-form-label-wrapper\"><span class=\"label\">Besoin d\u2019une voiturette ou d\u2019un chariot?<\/span><\/legend><div class=\"fusion-form-checkbox\"><input tabindex=\"\" id=\"checkbox-carttrolley-2-0\" type=\"checkbox\" value=\"J'ai besoin d'une voiturette (CHF 50.\u2013)*\" name=\"carttrolley[]\" class=\"fusion-form-input\" data-holds-private-data=\"false\"\/><label for=\"checkbox-carttrolley-2-0\">J'ai besoin d'une voiturette (CHF 50.\u2013)*<\/label><\/div><div class=\"fusion-form-checkbox\"><input tabindex=\"\" id=\"checkbox-carttrolley-2-1\" type=\"checkbox\" value=\"J'ai besoin d'un chariot \u00e9lectrique (CHF 20.\u2013)*\" name=\"carttrolley[]\" class=\"fusion-form-input\" data-holds-private-data=\"false\"\/><label for=\"checkbox-carttrolley-2-1\">J'ai besoin d'un chariot \u00e9lectrique (CHF 20.\u2013)*<\/label><\/div><\/fieldset><\/div><div class=\"fusion-text fusion-text-2\"><p>*(chariot \u00e9lectrique nombre limit\u00e9, paiement sur place au secr\u00e9tariat du Golf)<\/p>\n<\/div>\n<div class=\"fusion-form-field fusion-form-submit-field fusion-form-label-above\" style=\"\" data-form-id=\"3303\"><div style=\"text-align:right;\"><button type=\"submit\" class=\"fusion-button button-flat fusion-button-default-size button-default fusion-button-default button-1 fusion-button-default-span  button-default form-form-submit\" data-form-number=\"3303\" tabindex=\"\"><span class=\"fusion-button-text awb-button__text awb-button__text--default\">Envoyer<\/span><\/button><\/div><\/div><div class=\"fusion-form-field fusion-form-recaptcha-field fusion-form-label-above\" style=\"\" data-form-id=\"3303\">\t\t\t\t<div class=\"form-creator-recaptcha\" >\n\t\t\t\t\t\t\t\t\t\t\t\t\t\t\t\t\t\t\t\t\t\t\t<div class=\"fusion-form-recaptcha-wrapper\">\n\t\t\t\t\t\t\t\t\t\t<div\n\t\t\t\t\t\t\tid=\"g-recaptcha-id-form-3303\"\n\t\t\t\t\t\t\tclass=\"fusion-form-recaptcha-v3 recaptcha-container \"\n\t\t\t\t\t\t\tdata-sitekey=\"6LfJt2UsAAAAAEQ5ofD-1uG2S6ZfHGg5wlA-vXP1\"\n\t\t\t\t\t\t\tdata-badge=\"bottomright\">\n\t\t\t\t\t\t<\/div>\n\t\t\t\t\t\t<input\n\t\t\t\t\t\t\ttype=\"hidden\"\n\t\t\t\t\t\t\tname=\"fusion-form-recaptcha-response\"\n\t\t\t\t\t\t\tclass=\"g-recaptcha-response\"\n\t\t\t\t\t\t\tid=\"fusion-form-recaptcha-response-3303\"\n\t\t\t\t\t\t\tvalue=\"\">\n\t\t\t\t\t\t\t\t\t<\/div>\n\t\t\t\t\t\t\t\t\t\t\t\t\t\t\t<\/div>\n\t\t\t\t<\/div><div class=\"form-submission-notices data-notice_1\" id=\"fusion-notices-1\" data-instance=\"1\"><div class=\"fusion-alert alert success alert-success fusion-alert-center fusion-form-response fusion-form-response-success fusion-alert-capitalize awb-alert-native-link-color alert-dismissable awb-alert-close-boxed\" role=\"alert\"><div class=\"fusion-alert-content-wrapper\"><span class=\"alert-icon\"><i class=\"awb-icon-check-circle\" aria-hidden=\"true\"><\/i><\/span><span class=\"fusion-alert-content\">Votre message a bien \u00e9t\u00e9 envoy\u00e9.<\/span><\/div><button type=\"button\" class=\"close toggle-alert\" data-dismiss=\"alert\" aria-label=\"Close\">&times;<\/button><\/div><div class=\"fusion-alert alert error alert-danger fusion-alert-center fusion-form-response fusion-form-response-error fusion-alert-capitalize awb-alert-native-link-color alert-dismissable awb-alert-close-boxed\" role=\"alert\"><div class=\"fusion-alert-content-wrapper\"><span class=\"alert-icon\"><i class=\"awb-icon-exclamation-triangle\" aria-hidden=\"true\"><\/i><\/span><span class=\"fusion-alert-content\">Une erreur s'est produite, veuillez r\u00e9essayer.<\/span><\/div><button type=\"button\" class=\"close toggle-alert\" data-dismiss=\"alert\" aria-label=\"Close\">&times;<\/button><\/div><\/div><\/div><\/div><\/div><\/div><input type=\"hidden\" name=\"fusion_privacy_expiration_interval\" value=\"48\"><input type=\"hidden\" name=\"privacy_expiration_action\" value=\"anonymize\"><\/form><\/div><\/div><\/div><\/div><\/div>\n","protected":false},"excerpt":{"rendered":"","protected":false},"author":5,"featured_media":0,"parent":0,"menu_order":0,"comment_status":"closed","ping_status":"closed","template":"","meta":{"footnotes":""},"class_list":["post-3304","page","type-page","status-publish","hentry"],"_links":{"self":[{"href":"https:\/\/salgc.ch\/fr\/wp-json\/wp\/v2\/pages\/3304","targetHints":{"allow":["GET"]}}],"collection":[{"href":"https:\/\/salgc.ch\/fr\/wp-json\/wp\/v2\/pages"}],"about":[{"href":"https:\/\/salgc.ch\/fr\/wp-json\/wp\/v2\/types\/page"}],"author":[{"embeddable":true,"href":"https:\/\/salgc.ch\/fr\/wp-json\/wp\/v2\/users\/5"}],"replies":[{"embeddable":true,"href":"https:\/\/salgc.ch\/fr\/wp-json\/wp\/v2\/comments?post=3304"}],"version-history":[{"count":4,"href":"https:\/\/salgc.ch\/fr\/wp-json\/wp\/v2\/pages\/3304\/revisions"}],"predecessor-version":[{"id":3348,"href":"https:\/\/salgc.ch\/fr\/wp-json\/wp\/v2\/pages\/3304\/revisions\/3348"}],"wp:attachment":[{"href":"https:\/\/salgc.ch\/fr\/wp-json\/wp\/v2\/media?parent=3304"}],"curies":[{"name":"wp","href":"https:\/\/api.w.org\/{rel}","templated":true}]}}